{"id":2097,"date":"2024-09-10T05:06:20","date_gmt":"2024-09-10T05:06:20","guid":{"rendered":"https:\/\/themewant.com\/products\/wordpress\/almaris\/?page_id=2097"},"modified":"2025-05-14T16:46:26","modified_gmt":"2025-05-14T16:46:26","slug":"facilities","status":"publish","type":"page","link":"https:\/\/lascasitasdelarcoiris.com\/en\/facilities\/","title":{"rendered":"Restaurant"},"content":{"rendered":"<div data-elementor-type=\"wp-page\" data-elementor-id=\"2097\" class=\"elementor elementor-2097\">\n\t\t\t\t<div class=\"no elementor-element elementor-element-af2ebb9 e-flex e-con-boxed rt-default-class e-con e-parent\" data-id=\"af2ebb9\" data-element_type=\"container\">\n\t\t\t\t\t<div class=\"e-con-inner\">\n\t\t<div class=\"no elementor-element elementor-element-c636228 e-con-full e-flex rt-default-class e-con e-child\" data-id=\"c636228\" data-element_type=\"container\">\n\t\t\t\t<div class=\"elementor-element elementor-element-9e35419 elementor-widget__width-initial elementor-widget elementor-widget-image\" data-id=\"9e35419\" data-element_type=\"widget\" data-widget_type=\"image.default\">\n\t\t\t\t\t\t\t\t\t\t\t\t\t\t\t<img fetchpriority=\"high\" decoding=\"async\" width=\"1920\" height=\"2560\" src=\"https:\/\/lascasitasdelarcoiris.com\/wp-content\/uploads\/2025\/05\/Imagen-de-WhatsApp-2025-05-14-a-las-10.13.42_55a42c33-scaled.jpg\" class=\"attachment-full size-full wp-image-7498\" alt=\"\" srcset=\"https:\/\/lascasitasdelarcoiris.com\/wp-content\/uploads\/2025\/05\/Imagen-de-WhatsApp-2025-05-14-a-las-10.13.42_55a42c33-scaled.jpg 1920w, https:\/\/lascasitasdelarcoiris.com\/wp-content\/uploads\/2025\/05\/Imagen-de-WhatsApp-2025-05-14-a-las-10.13.42_55a42c33-scaled-225x300.jpg 225w, https:\/\/lascasitasdelarcoiris.com\/wp-content\/uploads\/2025\/05\/Imagen-de-WhatsApp-2025-05-14-a-las-10.13.42_55a42c33-scaled-768x1024.jpg 768w, https:\/\/lascasitasdelarcoiris.com\/wp-content\/uploads\/2025\/05\/Imagen-de-WhatsApp-2025-05-14-a-las-10.13.42_55a42c33-scaled-1152x1536.jpg 1152w, https:\/\/lascasitasdelarcoiris.com\/wp-content\/uploads\/2025\/05\/Imagen-de-WhatsApp-2025-05-14-a-las-10.13.42_55a42c33-scaled-1536x2048.jpg 1536w, https:\/\/lascasitasdelarcoiris.com\/wp-content\/uploads\/2025\/05\/Imagen-de-WhatsApp-2025-05-14-a-las-10.13.42_55a42c33-scaled-9x12.jpg 9w, https:\/\/lascasitasdelarcoiris.com\/wp-content\/uploads\/2025\/05\/Imagen-de-WhatsApp-2025-05-14-a-las-10.13.42_55a42c33-scaled-600x800.jpg 600w\" sizes=\"(max-width: 1920px) 100vw, 1920px\" \/>\t\t\t\t\t\t\t\t\t\t\t\t\t\t\t<\/div>\n\t\t\t\t<\/div>\n\t\t<div class=\"no elementor-element elementor-element-41c8785 e-con-full e-flex rt-default-class e-con e-child\" data-id=\"41c8785\" data-element_type=\"container\">\n\t\t<div class=\"no elementor-element elementor-element-97a6f02 e-con-full e-flex rt-default-class e-con e-child\" data-id=\"97a6f02\" data-element_type=\"container\">\n\t\t\t\t<div class=\"elementor-element elementor-element-550ecba elementor-widget-mobile__width-initial elementor-invisible elementor-widget elementor-widget-heading\" data-id=\"550ecba\" data-element_type=\"widget\" data-settings=\"{&quot;_animation&quot;:&quot;fadeInUp&quot;}\" data-widget_type=\"heading.default\">\n\t\t\t\t\t<h2 class=\"elementor-heading-title elementor-size-default\">Sabores que Nacen de la Tierra<\/h2>\t\t\t\t<\/div>\n\t\t\t\t<\/div>\n\t\t<div class=\"no elementor-element elementor-element-6325596 e-con-full e-flex rt-default-class e-con e-child\" data-id=\"6325596\" data-element_type=\"container\">\n\t\t\t\t<div class=\"elementor-element elementor-element-ff5f124 elementor-widget-mobile__width-initial elementor-widget elementor-widget-text-editor\" data-id=\"ff5f124\" data-element_type=\"widget\" data-widget_type=\"text-editor.default\">\n\t\t\t\t\t\t\t\t\t<p>Usamos ingredientes frescos, locales y de estaci\u00f3n. Muchos provienen de nuestra propia huerta y \u00e1rboles frutales. Cada plato honra la tierra que nos rodea y la cultura andina que nos inspira.<\/p>\t\t\t\t\t\t\t\t<\/div>\n\t\t\t\t<\/div>\n\t\t\t\t<\/div>\n\t\t\t\t\t<\/div>\n\t\t\t\t<\/div>\n\t\t<div class=\"no elementor-element elementor-element-84c6aa6 e-flex e-con-boxed rt-default-class e-con e-parent\" data-id=\"84c6aa6\" data-element_type=\"container\">\n\t\t\t\t\t<div class=\"e-con-inner\">\n\t\t<div class=\"no elementor-element elementor-element-3631250 e-con-full e-flex rt-default-class e-con e-child\" data-id=\"3631250\" data-element_type=\"container\">\n\t\t\t\t<div class=\"elementor-element elementor-element-d2cf56e elementor-widget__width-initial elementor-widget-mobile__width-initial elementor-widget elementor-widget-image\" data-id=\"d2cf56e\" data-element_type=\"widget\" data-widget_type=\"image.default\">\n\t\t\t\t\t\t\t\t\t\t\t\t\t\t\t<img decoding=\"async\" width=\"640\" height=\"960\" src=\"https:\/\/lascasitasdelarcoiris.com\/wp-content\/uploads\/2025\/05\/Bednar-20250414-01601-1-scaled-683x1024.jpg\" class=\"attachment-large size-large wp-image-7520\" alt=\"\" srcset=\"https:\/\/lascasitasdelarcoiris.com\/wp-content\/uploads\/2025\/05\/Bednar-20250414-01601-1-scaled-683x1024.jpg 683w, https:\/\/lascasitasdelarcoiris.com\/wp-content\/uploads\/2025\/05\/Bednar-20250414-01601-1-scaled-200x300.jpg 200w, https:\/\/lascasitasdelarcoiris.com\/wp-content\/uploads\/2025\/05\/Bednar-20250414-01601-1-scaled-768x1152.jpg 768w, https:\/\/lascasitasdelarcoiris.com\/wp-content\/uploads\/2025\/05\/Bednar-20250414-01601-1-scaled-1024x1536.jpg 1024w, https:\/\/lascasitasdelarcoiris.com\/wp-content\/uploads\/2025\/05\/Bednar-20250414-01601-1-scaled-1366x2048.jpg 1366w, https:\/\/lascasitasdelarcoiris.com\/wp-content\/uploads\/2025\/05\/Bednar-20250414-01601-1-scaled-8x12.jpg 8w, https:\/\/lascasitasdelarcoiris.com\/wp-content\/uploads\/2025\/05\/Bednar-20250414-01601-1-scaled-600x900.jpg 600w, https:\/\/lascasitasdelarcoiris.com\/wp-content\/uploads\/2025\/05\/Bednar-20250414-01601-1-scaled.jpg 1707w\" sizes=\"(max-width: 640px) 100vw, 640px\" \/>\t\t\t\t\t\t\t\t\t\t\t\t\t\t\t<\/div>\n\t\t\t\t<\/div>\n\t\t<div class=\"no elementor-element elementor-element-7a4d5d9 e-con-full e-flex rt-default-class e-con e-child\" data-id=\"7a4d5d9\" data-element_type=\"container\">\n\t\t<div class=\"no elementor-element elementor-element-dfa0a12 e-con-full e-flex rt-default-class e-con e-child\" data-id=\"dfa0a12\" data-element_type=\"container\">\n\t\t\t\t<div class=\"elementor-element elementor-element-754552c elementor-invisible elementor-widget elementor-widget-heading\" data-id=\"754552c\" data-element_type=\"widget\" data-settings=\"{&quot;_animation&quot;:&quot;fadeInUp&quot;}\" data-widget_type=\"heading.default\">\n\t\t\t\t\t<h2 class=\"elementor-heading-title elementor-size-default\">Desayunos con Vista al Valle<\/h2>\t\t\t\t<\/div>\n\t\t\t\t<\/div>\n\t\t<div class=\"no elementor-element elementor-element-7c1813b e-con-full e-flex rt-default-class e-con e-child\" data-id=\"7c1813b\" data-element_type=\"container\">\n\t\t\t\t<div class=\"elementor-element elementor-element-6e10ce4 elementor-widget elementor-widget-text-editor\" data-id=\"6e10ce4\" data-element_type=\"widget\" data-widget_type=\"text-editor.default\">\n\t\t\t\t\t\t\t\t\t<p>Empieza tu d\u00eda con pan artesanal, jugos naturales, frutas reci\u00e9n cosechadas y caf\u00e9 local, todo servido en un entorno de absoluta paz y belleza.<\/p>\t\t\t\t\t\t\t\t<\/div>\n\t\t\t\t<\/div>\n\t\t\t\t<\/div>\n\t\t\t\t\t<\/div>\n\t\t\t\t<\/div>\n\t\t<div class=\"no elementor-element elementor-element-eee7bf7 e-flex e-con-boxed rt-default-class e-con e-parent\" data-id=\"eee7bf7\" data-element_type=\"container\">\n\t\t\t\t\t<div class=\"e-con-inner\">\n\t\t<div class=\"no elementor-element elementor-element-2560fb4 e-con-full e-flex rt-default-class e-con e-child\" data-id=\"2560fb4\" data-element_type=\"container\">\n\t\t\t\t<div class=\"elementor-element elementor-element-dbadc3f elementor-widget__width-initial elementor-widget elementor-widget-image\" data-id=\"dbadc3f\" data-element_type=\"widget\" data-widget_type=\"image.default\">\n\t\t\t\t\t\t\t\t\t\t\t\t\t\t\t<img decoding=\"async\" width=\"640\" height=\"960\" src=\"https:\/\/lascasitasdelarcoiris.com\/wp-content\/uploads\/2025\/05\/Bednar-20250414-02051-Edit-scaled-683x1024.jpg\" class=\"attachment-large size-large wp-image-7499\" alt=\"\" srcset=\"https:\/\/lascasitasdelarcoiris.com\/wp-content\/uploads\/2025\/05\/Bednar-20250414-02051-Edit-scaled-683x1024.jpg 683w, https:\/\/lascasitasdelarcoiris.com\/wp-content\/uploads\/2025\/05\/Bednar-20250414-02051-Edit-scaled-200x300.jpg 200w, https:\/\/lascasitasdelarcoiris.com\/wp-content\/uploads\/2025\/05\/Bednar-20250414-02051-Edit-scaled-768x1152.jpg 768w, https:\/\/lascasitasdelarcoiris.com\/wp-content\/uploads\/2025\/05\/Bednar-20250414-02051-Edit-scaled-1024x1536.jpg 1024w, https:\/\/lascasitasdelarcoiris.com\/wp-content\/uploads\/2025\/05\/Bednar-20250414-02051-Edit-scaled-1366x2048.jpg 1366w, https:\/\/lascasitasdelarcoiris.com\/wp-content\/uploads\/2025\/05\/Bednar-20250414-02051-Edit-scaled-8x12.jpg 8w, https:\/\/lascasitasdelarcoiris.com\/wp-content\/uploads\/2025\/05\/Bednar-20250414-02051-Edit-scaled-600x900.jpg 600w, https:\/\/lascasitasdelarcoiris.com\/wp-content\/uploads\/2025\/05\/Bednar-20250414-02051-Edit-scaled.jpg 1707w\" sizes=\"(max-width: 640px) 100vw, 640px\" \/>\t\t\t\t\t\t\t\t\t\t\t\t\t\t\t<\/div>\n\t\t\t\t<\/div>\n\t\t<div class=\"no elementor-element elementor-element-a4d926d e-con-full e-flex rt-default-class e-con e-child\" data-id=\"a4d926d\" data-element_type=\"container\">\n\t\t<div class=\"no elementor-element elementor-element-df9facb e-con-full e-flex rt-default-class e-con e-child\" data-id=\"df9facb\" data-element_type=\"container\">\n\t\t\t\t<div class=\"elementor-element elementor-element-bc670b9 elementor-invisible elementor-widget elementor-widget-heading\" data-id=\"bc670b9\" data-element_type=\"widget\" data-settings=\"{&quot;_animation&quot;:&quot;fadeInUp&quot;}\" data-widget_type=\"heading.default\">\n\t\t\t\t\t<h2 class=\"elementor-heading-title elementor-size-default\">Cenas Gourmet bajo las Estrellas<\/h2>\t\t\t\t<\/div>\n\t\t\t\t<\/div>\n\t\t<div class=\"no elementor-element elementor-element-fc89c90 e-con-full e-flex rt-default-class e-con e-child\" data-id=\"fc89c90\" data-element_type=\"container\">\n\t\t\t\t<div class=\"elementor-element elementor-element-f937d88 elementor-widget elementor-widget-text-editor\" data-id=\"f937d88\" data-element_type=\"widget\" data-widget_type=\"text-editor.default\">\n\t\t\t\t\t\t\t\t\t<p>Disfruta de una experiencia culinaria \u00edntima, con men\u00fas que fusionan la cocina peruana con t\u00e9cnicas modernas, servidos en espacios iluminados por velas o fogatas.<\/p>\t\t\t\t\t\t\t\t<\/div>\n\t\t\t\t<\/div>\n\t\t\t\t<\/div>\n\t\t\t\t\t<\/div>\n\t\t\t\t<\/div>\n\t\t<div class=\"no elementor-element elementor-element-a374c31 e-flex e-con-boxed rt-default-class e-con e-parent\" data-id=\"a374c31\" data-element_type=\"container\">\n\t\t\t\t\t<div class=\"e-con-inner\">\n\t\t<div class=\"no elementor-element elementor-element-775559c e-con-full e-flex rt-default-class e-con e-child\" data-id=\"775559c\" data-element_type=\"container\">\n\t\t<div class=\"no elementor-element elementor-element-990f0d1 e-con-full e-flex rt-default-class e-con e-child\" data-id=\"990f0d1\" data-element_type=\"container\">\n\t\t<div class=\"no elementor-element elementor-element-18f38d6 e-con-full e-flex rt-default-class e-con e-child\" data-id=\"18f38d6\" data-element_type=\"container\">\n\t\t<div class=\"no elementor-element elementor-element-2769a6d e-con-full e-flex rt-default-class e-con e-child\" data-id=\"2769a6d\" data-element_type=\"container\">\n\t\t\t\t<div class=\"elementor-element elementor-element-338b101 elementor-widget__width-initial elementor-widget elementor-widget-image\" data-id=\"338b101\" data-element_type=\"widget\" data-widget_type=\"image.default\">\n\t\t\t\t\t\t\t\t\t\t\t\t\t\t\t<img loading=\"lazy\" decoding=\"async\" width=\"640\" height=\"640\" src=\"https:\/\/lascasitasdelarcoiris.com\/wp-content\/uploads\/2025\/05\/133897474_393783918400342_6549273801594243757_n-1024x1024.jpg\" class=\"attachment-large size-large wp-image-7500\" alt=\"\" srcset=\"https:\/\/lascasitasdelarcoiris.com\/wp-content\/uploads\/2025\/05\/133897474_393783918400342_6549273801594243757_n-1024x1024.jpg 1024w, https:\/\/lascasitasdelarcoiris.com\/wp-content\/uploads\/2025\/05\/133897474_393783918400342_6549273801594243757_n-300x300.jpg 300w, https:\/\/lascasitasdelarcoiris.com\/wp-content\/uploads\/2025\/05\/133897474_393783918400342_6549273801594243757_n-150x150.jpg 150w, https:\/\/lascasitasdelarcoiris.com\/wp-content\/uploads\/2025\/05\/133897474_393783918400342_6549273801594243757_n-768x768.jpg 768w, https:\/\/lascasitasdelarcoiris.com\/wp-content\/uploads\/2025\/05\/133897474_393783918400342_6549273801594243757_n-12x12.jpg 12w, https:\/\/lascasitasdelarcoiris.com\/wp-content\/uploads\/2025\/05\/133897474_393783918400342_6549273801594243757_n-87x87.jpg 87w, https:\/\/lascasitasdelarcoiris.com\/wp-content\/uploads\/2025\/05\/133897474_393783918400342_6549273801594243757_n-600x600.jpg 600w, https:\/\/lascasitasdelarcoiris.com\/wp-content\/uploads\/2025\/05\/133897474_393783918400342_6549273801594243757_n-100x100.jpg 100w, https:\/\/lascasitasdelarcoiris.com\/wp-content\/uploads\/2025\/05\/133897474_393783918400342_6549273801594243757_n-533x533.jpg 533w, https:\/\/lascasitasdelarcoiris.com\/wp-content\/uploads\/2025\/05\/133897474_393783918400342_6549273801594243757_n.jpg 1080w\" sizes=\"(max-width: 640px) 100vw, 640px\" \/>\t\t\t\t\t\t\t\t\t\t\t\t\t\t\t<\/div>\n\t\t\t\t<\/div>\n\t\t<div class=\"no elementor-element elementor-element-67bf1ee e-con-full e-flex rt-default-class e-con e-child\" data-id=\"67bf1ee\" data-element_type=\"container\">\n\t\t<div class=\"no elementor-element elementor-element-74b5be4 e-con-full e-flex rt-default-class e-con e-child\" data-id=\"74b5be4\" data-element_type=\"container\">\n\t\t\t\t<div class=\"elementor-element elementor-element-e21869e elementor-invisible elementor-widget elementor-widget-heading\" data-id=\"e21869e\" data-element_type=\"widget\" data-settings=\"{&quot;_animation&quot;:&quot;fadeInUp&quot;}\" data-widget_type=\"heading.default\">\n\t\t\t\t\t<h2 class=\"elementor-heading-title elementor-size-default\"><h2 data-elementor-setting-key=\"title\" data-pen-placeholder=\"Teclea aqu\u00ed...\" style=\"font-weight: 300;font-family: Marcellus, Helvetica, Arial, sans-serif\">Comer Aqu\u00ed Tambi\u00e9n Ayuda<\/h2><\/h2>\t\t\t\t<\/div>\n\t\t\t\t<\/div>\n\t\t<div class=\"no elementor-element elementor-element-f32078c e-con-full e-flex rt-default-class e-con e-child\" data-id=\"f32078c\" data-element_type=\"container\">\n\t\t\t\t<div class=\"elementor-element elementor-element-0bee103 elementor-widget elementor-widget-text-editor\" data-id=\"0bee103\" data-element_type=\"widget\" data-widget_type=\"text-editor.default\">\n\t\t\t\t\t\t\t\t\t<p><em data-start=\"1169\" data-end=\"1324\">Cada comida que disfrutas en nuestro restaurante contribuye a alimentar a los ni\u00f1os de la Fundaci\u00f3n Ni\u00f1os del Arco Iris. Gastronom\u00eda con sabor y sentido.<\/em><\/p>\t\t\t\t\t\t\t\t<\/div>\n\t\t\t\t<\/div>\n\t\t\t\t<\/div>\n\t\t\t\t<\/div>\n\t\t\t\t<\/div>\n\t\t\t\t<\/div>\n\t\t<div class=\"no elementor-element elementor-element-a10db0e e-con-full e-flex rt-default-class e-con e-child\" data-id=\"a10db0e\" data-element_type=\"container\">\n\t\t<div class=\"no elementor-element elementor-element-186c4ba e-con-full e-flex rt-default-class e-con e-child\" data-id=\"186c4ba\" data-element_type=\"container\">\n\t\t<div class=\"no elementor-element elementor-element-7143544 e-con-full e-flex rt-default-class e-con e-child\" data-id=\"7143544\" data-element_type=\"container\">\n\t\t\t\t<div class=\"elementor-element elementor-element-24faa49 elementor-widget__width-initial elementor-widget elementor-widget-image\" data-id=\"24faa49\" data-element_type=\"widget\" data-widget_type=\"image.default\">\n\t\t\t\t\t\t\t\t\t\t\t\t\t\t\t<img loading=\"lazy\" decoding=\"async\" width=\"640\" height=\"960\" src=\"https:\/\/lascasitasdelarcoiris.com\/wp-content\/uploads\/2025\/05\/Bednar-20250414-03522-scaled-683x1024.jpg\" class=\"attachment-large size-large wp-image-7485\" alt=\"\" srcset=\"https:\/\/lascasitasdelarcoiris.com\/wp-content\/uploads\/2025\/05\/Bednar-20250414-03522-scaled-683x1024.jpg 683w, https:\/\/lascasitasdelarcoiris.com\/wp-content\/uploads\/2025\/05\/Bednar-20250414-03522-scaled-200x300.jpg 200w, https:\/\/lascasitasdelarcoiris.com\/wp-content\/uploads\/2025\/05\/Bednar-20250414-03522-scaled-768x1152.jpg 768w, https:\/\/lascasitasdelarcoiris.com\/wp-content\/uploads\/2025\/05\/Bednar-20250414-03522-scaled-1024x1536.jpg 1024w, https:\/\/lascasitasdelarcoiris.com\/wp-content\/uploads\/2025\/05\/Bednar-20250414-03522-scaled-1366x2048.jpg 1366w, https:\/\/lascasitasdelarcoiris.com\/wp-content\/uploads\/2025\/05\/Bednar-20250414-03522-scaled-8x12.jpg 8w, https:\/\/lascasitasdelarcoiris.com\/wp-content\/uploads\/2025\/05\/Bednar-20250414-03522-scaled-600x900.jpg 600w, https:\/\/lascasitasdelarcoiris.com\/wp-content\/uploads\/2025\/05\/Bednar-20250414-03522-scaled.jpg 1707w\" sizes=\"(max-width: 640px) 100vw, 640px\" \/>\t\t\t\t\t\t\t\t\t\t\t\t\t\t\t<\/div>\n\t\t\t\t<\/div>\n\t\t<div class=\"no elementor-element elementor-element-fa1eff5 e-con-full e-flex rt-default-class e-con e-child\" data-id=\"fa1eff5\" data-element_type=\"container\">\n\t\t<div class=\"no elementor-element elementor-element-34ffe3d e-con-full e-flex rt-default-class e-con e-child\" data-id=\"34ffe3d\" data-element_type=\"container\">\n\t\t\t\t<div class=\"elementor-element elementor-element-d0a8083 elementor-invisible elementor-widget elementor-widget-heading\" data-id=\"d0a8083\" data-element_type=\"widget\" data-settings=\"{&quot;_animation&quot;:&quot;fadeInUp&quot;}\" data-widget_type=\"heading.default\">\n\t\t\t\t\t<h2 class=\"elementor-heading-title elementor-size-default\"><h2 data-elementor-setting-key=\"title\" data-pen-placeholder=\"Teclea aqu\u00ed...\" style=\"font-weight: 300;font-family: Marcellus, Helvetica, Arial, sans-serif\"> Fogata y Sabores Andinos<\/h2><\/h2>\t\t\t\t<\/div>\n\t\t\t\t<\/div>\n\t\t<div class=\"no elementor-element elementor-element-3f5a41b e-con-full e-flex rt-default-class e-con e-child\" data-id=\"3f5a41b\" data-element_type=\"container\">\n\t\t\t\t<div class=\"elementor-element elementor-element-873442d elementor-widget elementor-widget-text-editor\" data-id=\"873442d\" data-element_type=\"widget\" data-widget_type=\"text-editor.default\">\n\t\t\t\t\t\t\t\t\t<p>Comparte momentos \u00fanicos junto a nuestra fogata mientras disfrutas de infusiones locales, snacks tradicionales o una copa de vino en buena compa\u00f1\u00eda. El calor del fuego y el alma del valle en cada conversaci\u00f3n.<\/p>\t\t\t\t\t\t\t\t<\/div>\n\t\t\t\t<\/div>\n\t\t\t\t<\/div>\n\t\t\t\t<\/div>\n\t\t\t\t<\/div>\n\t\t<div class=\"no elementor-element elementor-element-1b9c4b0 e-con-full e-flex rt-default-class e-con e-child\" data-id=\"1b9c4b0\" data-element_type=\"container\">\n\t\t<div class=\"no elementor-element elementor-element-8206336 e-con-full e-flex rt-default-class e-con e-child\" data-id=\"8206336\" data-element_type=\"container\">\n\t\t\t\t<\/div>\n\t\t\t\t<\/div>\n\t\t\t\t\t<\/div>\n\t\t\t\t<\/div>\n\t\t\t\t<\/div>","protected":false},"excerpt":{"rendered":"<p>Sabores que Nacen de la Tierra Usamos ingredientes frescos, locales y de estaci\u00f3n. Muchos provienen de nuestra propia huerta y \u00e1rboles frutales. Cada plato honra la tierra que nos rodea y la cultura andina que nos inspira. Desayunos con Vista al Valle Empieza tu d\u00eda con pan artesanal, jugos naturales, frutas reci\u00e9n cosechadas y caf\u00e9&#8230;<\/p>","protected":false},"author":1,"featured_media":7458,"parent":0,"menu_order":0,"comment_status":"closed","ping_status":"closed","template":"elementor_header_footer","meta":{"footnotes":""},"class_list":["post-2097","page","type-page","status-publish","has-post-thumbnail","hentry"],"_links":{"self":[{"href":"https:\/\/lascasitasdelarcoiris.com\/en\/wp-json\/wp\/v2\/pages\/2097","targetHints":{"allow":["GET"]}}],"collection":[{"href":"https:\/\/lascasitasdelarcoiris.com\/en\/wp-json\/wp\/v2\/pages"}],"about":[{"href":"https:\/\/lascasitasdelarcoiris.com\/en\/wp-json\/wp\/v2\/types\/page"}],"author":[{"embeddable":true,"href":"https:\/\/lascasitasdelarcoiris.com\/en\/wp-json\/wp\/v2\/users\/1"}],"replies":[{"embeddable":true,"href":"https:\/\/lascasitasdelarcoiris.com\/en\/wp-json\/wp\/v2\/comments?post=2097"}],"version-history":[{"count":25,"href":"https:\/\/lascasitasdelarcoiris.com\/en\/wp-json\/wp\/v2\/pages\/2097\/revisions"}],"predecessor-version":[{"id":7526,"href":"https:\/\/lascasitasdelarcoiris.com\/en\/wp-json\/wp\/v2\/pages\/2097\/revisions\/7526"}],"wp:featuredmedia":[{"embeddable":true,"href":"https:\/\/lascasitasdelarcoiris.com\/en\/wp-json\/wp\/v2\/media\/7458"}],"wp:attachment":[{"href":"https:\/\/lascasitasdelarcoiris.com\/en\/wp-json\/wp\/v2\/media?parent=2097"}],"curies":[{"name":"wp","href":"https:\/\/api.w.org\/{rel}","templated":true}]}}